{"id":14774,"date":"2025-11-19T14:01:09","date_gmt":"2025-11-19T13:01:09","guid":{"rendered":"https:\/\/www.chateau-de-chanteloup.com\/les-emplacements-du-camping-chateau-de-chanteloup\/"},"modified":"2026-01-01T11:53:48","modified_gmt":"2026-01-01T10:53:48","slug":"les-emplacements-du-camping-chateau-de-chanteloup","status":"publish","type":"page","link":"https:\/\/www.chateau-de-chanteloup.com\/de\/les-emplacements-du-camping-chateau-de-chanteloup\/","title":{"rendered":"Die Stellpl\u00e4tze des Campingplatzes Ch\u00e2teau de Chanteloup"},"content":{"rendered":"\n<div class=\"wp-block-coblocks-gallery-stacked alignfull\"><ul class=\"coblocks-gallery has-fullwidth-images\"><li class=\"coblocks-gallery--item\"><figure class=\"coblocks-gallery--figure has-margin-bottom-mobile-5\"><img loading=\"lazy\" width=\"1024\" height=\"573\" src=\"https:\/\/www.chateau-de-chanteloup.com\/wp-content\/uploads\/2025\/11\/camping-chateau-de-chanteloup-vue-emplacements-du-lac-1024x573.jpg\" alt=\"Camping Ch\u00e2teau de Chanteloup : Camping Ch\u00e2teau de Chanteloup \u2013 Blick auf die Stellpl\u00e4tze am See\" data-id=\"14730\" data-imglink=\"\" data-link=\"https:\/\/www.chateau-de-chanteloup.com\/camping-chateau-de-chanteloup-vue-emplacements-du-lac\/\" class=\"wp-image-14730 has-shadow-none\" srcset=\"https:\/\/www.chateau-de-chanteloup.com\/wp-content\/uploads\/2025\/11\/camping-chateau-de-chanteloup-vue-emplacements-du-lac-1024x573.jpg 1024w, https:\/\/www.chateau-de-chanteloup.com\/wp-content\/uploads\/2025\/11\/camping-chateau-de-chanteloup-vue-emplacements-du-lac-300x168.jpg 300w, https:\/\/www.chateau-de-chanteloup.com\/wp-content\/uploads\/2025\/11\/camping-chateau-de-chanteloup-vue-emplacements-du-lac-768x430.jpg 768w, https:\/\/www.chateau-de-chanteloup.com\/wp-content\/uploads\/2025\/11\/camping-chateau-de-chanteloup-vue-emplacements-du-lac-1536x859.jpg 1536w, https:\/\/www.chateau-de-chanteloup.com\/wp-content\/uploads\/2025\/11\/camping-chateau-de-chanteloup-vue-emplacements-du-lac.jpg 1920w\" sizes=\"(max-width: 1024px) 100vw, 1024px\" \/><\/figure><\/li><\/ul><\/div>\n\n\n\n<div class=\"wp-block-group fond1 S_intro has-large-padding\"><div class=\"wp-block-group__inner-container\">\n<p class=\"has-text-align-center inner_box\"><strong><a href=\"https:\/\/www.chateau-de-chanteloup.com\/wp-content\/uploads\/2026\/01\/Tarifs-CAMPING-2026.jpg\">Preise unserer Stellpl\u00e4tze ansehen<\/a><\/strong><br><br><\/p>\n\n\n\n<p class=\"inner_box\">Das Domaine de Chanteloup hei\u00dft Sie auf einem seiner zahlreichen extra gro\u00dfen Campingstellpl\u00e4tze willkommen \u2013 124 Stellpl\u00e4tze, davon 5 mit einem Glampingzelt ausgestattet. \u00dcber nahezu das gesamte Anwesen verteilt, in einer baumbestandenen, nat\u00fcrlichen und gr\u00fcnen Umgebung, bieten sie Ihnen allen Komfort und alle notwendigen Dienstleistungen, um entspannte und gesellige Ferien zu genie\u00dfen.<br><br><\/p>\n\n\n\n<p class=\"has-text-align-left inner_box has-xl-font-size\"><strong>Wir haben zwei Arten von Stellpl\u00e4tzen:<\/strong><br><br><\/p>\n\n\n\n<p class=\"inner_box\"><strong>Die sogenannten \u201aklassischen\u2018 Stellpl\u00e4tze:<\/strong><br><em>gro\u00dfz\u00fcgige Stellpl\u00e4tze mit 10A-Stromanschluss, Wasserstelle in der N\u00e4he, gelegen in allen Bereichen des Campingplatzes.<\/em><br><\/p>\n\n\n\n<p class=\"inner_box\"><strong>Die Stellpl\u00e4tze mit Abwasseranschluss:<\/strong><br><em>gro\u00dfz\u00fcgige Stellpl\u00e4tze mit 16A-Stromanschluss, eigener Wasserversorgung und direktem Anschluss an die Kanalisation, ausschlie\u00dflich in der Zone \u201aWood\u2018 des Anwesens gelegen (auf dem Plan durch einen Wassertropfen gekennzeichnet).<\/em><br><br><\/p>\n\n\n\n<h2 class=\"has-text-align-center\"><strong>Die 9 Bereiche des Campingplatzes von Chanteloup<\/strong><\/h2>\n\n\n\n<p class=\"inner_box\">Da sie alle mit einem Stromanschluss sowie einer nahegelegenen Wasserstelle ausgestattet sind, sind die Stellpl\u00e4tze des Campingplatzes auf 9 verschiedene Bereiche verteilt. Um sie leichter zu finden, ist es ganz einfach: Wir haben jedem Bereich einen Namen gegeben, der seiner Identit\u00e4t und seinen Besonderheiten entspricht. So k\u00f6nnen Sie einen Stellplatz w\u00e4hlen (nur in der Hochsaison und f\u00fcr Aufenthalte von mehr als 2 N\u00e4chten) in einem der Bereiche, der Ihren Erwartungen und W\u00fcnschen entspricht. Denn auf dem Campingplatz von Chanteloup achten wir jeden Tag darauf, unseren G\u00e4sten ein unvergessliches Erlebnis zu bieten.<br><br><\/p>\n\n\n\n<p class=\"has-text-align-left inner_box\">\u2022 Der Bereich <strong>Cynthia<\/strong> (hellblau auf dem Plan)<br>\u2022 Der Bereich <strong>Verger<\/strong> <em>(rosa auf dem Plan)<\/em><br>\u2022 Der Bereich <strong>Potager <\/strong><em>(rot auf dem Plan)<\/em><br>\u2022 Der Bereich <strong>Lac<\/strong> <em>(dunkelblau auf dem Plan)<\/em><br>\u2022 Der Bereich <strong>Pommier<\/strong> <em>(orange auf dem Plan)<\/em><br>\u2022 Der Bereich <strong>Maison<\/strong> <em>(violett auf dem Plan)<\/em><br>\u2022 Der Bereich <strong>Bois<\/strong> <em>(braun auf dem Plan)<\/em><br>\u2022 Der Bereich <strong>Wood<\/strong><em> (gr\u00fcn auf dem Plan)<\/em><br>\u2022 Der Bereich <strong>Chesnaie<\/strong> <em>(ockerfarben auf dem Plan)<\/em><\/p>\n<\/div><\/div>\n\n\n\n<div class=\"wp-block-coblocks-gallery-stacked alignfull\"><ul class=\"coblocks-gallery has-fullwidth-images\"><li class=\"coblocks-gallery--item\"><figure class=\"coblocks-gallery--figure\"><img loading=\"lazy\" width=\"1024\" height=\"495\" src=\"https:\/\/www.chateau-de-chanteloup.com\/wp-content\/uploads\/2025\/12\/plan2026-empSITE-1024x495.jpg\" alt=\"\" data-id=\"16015\" data-imglink=\"\" data-link=\"https:\/\/www.chateau-de-chanteloup.com\/de\/plan2026-empsite-2\/\" class=\"wp-image-16015 has-shadow-none\" srcset=\"https:\/\/www.chateau-de-chanteloup.com\/wp-content\/uploads\/2025\/12\/plan2026-empSITE-1024x495.jpg 1024w, https:\/\/www.chateau-de-chanteloup.com\/wp-content\/uploads\/2025\/12\/plan2026-empSITE-300x145.jpg 300w, https:\/\/www.chateau-de-chanteloup.com\/wp-content\/uploads\/2025\/12\/plan2026-empSITE-768x371.jpg 768w, https:\/\/www.chateau-de-chanteloup.com\/wp-content\/uploads\/2025\/12\/plan2026-empSITE-1536x742.jpg 1536w, https:\/\/www.chateau-de-chanteloup.com\/wp-content\/uploads\/2025\/12\/plan2026-empSITE.jpg 1920w\" sizes=\"(max-width: 1024px) 100vw, 1024px\" \/><\/figure><\/li><\/ul><\/div>\n\n\n\n<p class=\"has-text-align-center\"><br><a href=\"https:\/\/www.chateau-de-chanteloup.com\/de\/blog\/die-standorte-der-domaine-de-chanteloup\/\"><strong>Die verschiedenen Stellpl\u00e4tze nach Bereich in Bildern ansehen<\/strong><\/a><br><br><\/p>\n","protected":false},"excerpt":{"rendered":"<p>Die verschiedenen Stellpl\u00e4tze nach Bereich in Bildern ansehen<\/p>\n","protected":false},"author":3,"featured_media":0,"parent":0,"menu_order":0,"comment_status":"closed","ping_status":"closed","template":"","meta":{"_coblocks_attr":"","_coblocks_dimensions":"","_coblocks_responsive_height":"","_coblocks_accordion_ie_support":""},"_links":{"self":[{"href":"https:\/\/www.chateau-de-chanteloup.com\/de\/wp-json\/wp\/v2\/pages\/14774"}],"collection":[{"href":"https:\/\/www.chateau-de-chanteloup.com\/de\/wp-json\/wp\/v2\/pages"}],"about":[{"href":"https:\/\/www.chateau-de-chanteloup.com\/de\/wp-json\/wp\/v2\/types\/page"}],"author":[{"embeddable":true,"href":"https:\/\/www.chateau-de-chanteloup.com\/de\/wp-json\/wp\/v2\/users\/3"}],"replies":[{"embeddable":true,"href":"https:\/\/www.chateau-de-chanteloup.com\/de\/wp-json\/wp\/v2\/comments?post=14774"}],"version-history":[{"count":7,"href":"https:\/\/www.chateau-de-chanteloup.com\/de\/wp-json\/wp\/v2\/pages\/14774\/revisions"}],"predecessor-version":[{"id":16045,"href":"https:\/\/www.chateau-de-chanteloup.com\/de\/wp-json\/wp\/v2\/pages\/14774\/revisions\/16045"}],"wp:attachment":[{"href":"https:\/\/www.chateau-de-chanteloup.com\/de\/wp-json\/wp\/v2\/media?parent=14774"}],"curies":[{"name":"wp","href":"https:\/\/api.w.org\/{rel}","templated":true}]}}