{"id":15232,"date":"2025-11-21T17:38:19","date_gmt":"2025-11-21T16:38:19","guid":{"rendered":"https:\/\/www.chateau-de-chanteloup.com\/?page_id=15232"},"modified":"2025-11-22T18:54:30","modified_gmt":"2025-11-22T17:54:30","slug":"les-24h-du-mans-et-le-mans-classic-a-chanteloup","status":"publish","type":"page","link":"https:\/\/www.chateau-de-chanteloup.com\/de\/les-24h-du-mans-et-le-mans-classic-a-chanteloup\/","title":{"rendered":"Die 24 Stunden von Le Mans &#038; Le Mans Classic auf dem Campingplatz Ch\u00e2teau de Chanteloup"},"content":{"rendered":"\n<div class=\"wp-block-group fond1 S_intro mb-0 mt-0 has-no-padding\"><div class=\"wp-block-group__inner-container\">\n<div class=\"wp-block-coblocks-gallery-stacked alignfull\"><ul class=\"coblocks-gallery has-fullwidth-images\"><li class=\"coblocks-gallery--item\"><figure class=\"coblocks-gallery--figure\"><img loading=\"lazy\" width=\"1024\" height=\"515\" src=\"https:\/\/www.chateau-de-chanteloup.com\/wp-content\/uploads\/2025\/11\/24H-evenement-Domaine-de-Chanteloup-1024x515.jpg\" alt=\"Camping Chateau De Chanteloup : 24h Evenement Domaine De Chanteloup\" data-id=\"15310\" data-imglink=\"\" data-link=\"https:\/\/www.chateau-de-chanteloup.com\/?attachment_id=15310\" class=\"wp-image-15310 has-shadow-none\" srcset=\"https:\/\/www.chateau-de-chanteloup.com\/wp-content\/uploads\/2025\/11\/24H-evenement-Domaine-de-Chanteloup-1024x515.jpg 1024w, https:\/\/www.chateau-de-chanteloup.com\/wp-content\/uploads\/2025\/11\/24H-evenement-Domaine-de-Chanteloup-300x151.jpg 300w, https:\/\/www.chateau-de-chanteloup.com\/wp-content\/uploads\/2025\/11\/24H-evenement-Domaine-de-Chanteloup-768x386.jpg 768w, https:\/\/www.chateau-de-chanteloup.com\/wp-content\/uploads\/2025\/11\/24H-evenement-Domaine-de-Chanteloup-1536x773.jpg 1536w, https:\/\/www.chateau-de-chanteloup.com\/wp-content\/uploads\/2025\/11\/24H-evenement-Domaine-de-Chanteloup.jpg 1920w\" sizes=\"(max-width: 1024px) 100vw, 1024px\" \/><\/figure><\/li><\/ul><\/div>\n\n\n\n<h2 class=\"inner_box\"><br>Die zwei gro\u00dfen Veranstaltungen: die 24 Stunden und Le Mans Classic<\/h2>\n\n\n\n<p class=\"inner_box\"><br>Entdecken Sie die zwei unumg\u00e4nglichen Veranstaltungen auf Ch\u00e2teau de Chanteloup:<br>die <strong>24 Stunden von Le Mans<\/strong> und <strong>Le Mans Classic<\/strong>.<br><br>Diese mythischen und ikonischen Langstreckenrennen auf der Rennstrecke im S\u00fcden der Stadt Le Mans ziehen jedes Jahr mehr Fans und Neugierige an. Es ist die perfekte Gelegenheit, zusammenzukommen, Spa\u00df zu haben, zu feiern und unglaubliche Autos zu entdecken.<br>Diese beiden Veranstaltungen sind unterschiedlich \u2013 jede hat ihren eigenen Geist, ihr eigenes Publikum und ihren eigenen Ablauf.  <br><br>In Chanteloup, nur einen Steinwurf von der Rennstrecke entfernt, fahren wir alles auf! Wir geben jedes Jahr unser Bestes, damit Sie vollkommen zufrieden abreisen. Wir setzen alles daran, Ihnen unvergessliche Erinnerungen zu schenken.<br>Kommen Sie und teilen Sie Ihre Leidenschaft f\u00fcr Automobile \u2013 jedes Jahr Mitte Juni und Anfang Juli in einem angenehmen und au\u00dfergew\u00f6hnlichen Umfeld. Eine herzliche und gesellige Atmosph\u00e4re ist garantiert!   <\/p>\n\n\n\n<h2 class=\"inner_box\"><br>Die w\u00e4hrend der Veranstaltungen angebotenen Aktivit\u00e4ten und Services<br><br><\/h2>\n\n\n\n<p class=\"inner_box has-xl-font-size\"><strong><em>Viel Platz, um Sie willkommen zu hei\u00dfen<\/em><\/strong><\/p>\n\n\n\n<p class=\"inner_box\">Es gibt Stellpl\u00e4tze und Ferienh\u00e4user sowie reichlich Platz, um sowohl Sie als auch Ihr Auto unterzubringen. Ihr Fahrzeug kann direkt auf Ihrem Stellplatz oder neben den Ferienh\u00e4usern geparkt werden. Viele Gruppen kommen gerne zusammen und versammeln sich auf den gro\u00dfen Rasenfl\u00e4chen, um ihre Oldtimer zu pr\u00e4sentieren \u2013 wahre \u2018rollende Erinnerungen\u2019   Es ist eine wahre Show, mitten in den sch\u00f6nsten Jahren der Automobilgeschichte.<\/p>\n\n\n\n<p class=\"inner_box has-xl-font-size\"><strong><em>Die Veranstaltungen werden live \u00fcbertragen.<\/em><\/strong><\/p>\n\n\n\n<p class=\"inner_box\">Auf der Terrasse steht eine riesige Gro\u00dfbildleinwand, auf der Sie das Rennen verfolgen k\u00f6nnen, wenn Sie nicht unterwegs sein m\u00f6chten \u2013 die Bar ist ge\u00f6ffnet und das Bier ist sch\u00f6n kalt!<\/p>\n\n\n\n<p class=\"inner_box has-xl-font-size\"><strong><em>Es ist m\u00f6glich, vor Ort zu essen.<\/em><\/strong><\/p>\n\n\n\n<p class=\"inner_box\">Das Restaurant ist ge\u00f6ffnet. Sie k\u00f6nnen wahlweise zum Mittagessen (auf Vorbestellung) oder zum Abendessen auf dem Campingplatz bleiben, und es gibt sogar Gerichte zum Mitnehmen, falls Sie nach einem ereignisreichen und aufregenden Tag keine Lust haben, noch wegzugehen.<\/p>\n\n\n\n<p class=\"inner_box has-xl-font-size\"><strong><em>Der Pool ist ge\u00f6ffnet.<\/em><\/strong><\/p>\n\n\n\n<p class=\"inner_box\">Zum Schwimmen und Entspannen wartet der Pool auf Sie. Eine weitere wunderbare Gelegenheit, sich nach einem ereignisreichen Tag auf der Rennstrecke auszuruhen. Ein unverzichtbarer Ort, um neue Energie zu tanken. Unser Pool ist k\u00fchl und ruhig \u2013 ein mehr als verdienter Moment voller Wohlbefinden.   <\/p>\n\n\n\n<p class=\"inner_box has-xl-font-size\"><strong><em>Ein Transportservice bis zur Rennstrecke der 24 Stunden.<\/em><\/strong><\/p>\n\n\n\n<p class=\"inner_box\">Jedes Jahr wird ein Shuttleservice mit unserem Partner zwischen Ch\u00e2teau de Chanteloup und der Rennstrecke der 24 Stunden von Le Mans eingerichtet, um Ihren Aufenthalt zu erleichtern. Wenn Sie keine Parktickets haben oder gerne Alkohol konsumieren m\u00f6chten, ist dieser Service sehr zu empfehlen \ud83d\ude0a<br>Transportservice: 30 \u20ac pro Person f\u00fcr Hin- und R\u00fcckfahrt, alle 30 Minuten, von morgens bis abends und sogar bis sp\u00e4t in die Nacht. F\u00fcr die genauen Zeiten informieren Sie sich bitte an der Rezeption.  <\/p>\n\n\n\n<p class=\"inner_box has-regular-font-size\"><br><strong>DIE HIGHLIGHT-AKTIVIT\u00c4TEN DES WOCHENENDES<\/strong><\/p>\n\n\n\n<p class=\"inner_box has-xl-font-size\"><br><strong><em>Am Freitagabend:<\/em><\/strong><br><br><\/p>\n\n\n\n<p class=\"inner_box\"> > <strong>Vor dem Ch\u00e2teau wird ein gro\u00dfer Auto\u00adwettbewerb organisiert \u2013 der Sport Car Show!<\/strong><br>Jedes Mal treten 30 Autos gegeneinander an.<br>F\u00fcr die 24 Stunden wird eine Jury bestimmt, um die Gewinner auszuw\u00e4hlen, und beim Le Mans Classic sind Sie die Jury!<br>Die ausgew\u00e4hlten Fahrzeuge fahren w\u00e4hrend der 24 Stunden von Le Mans vor der Terrasse vorbei. Beim Le Mans Classic werden sie ausgestellt und bleiben auf der gro\u00dfen Fl\u00e4che vor der Lounge beim Ch\u00e2teau stehen. Wenn Sie ein sch\u00f6nes Auto besitzen, ist dies die perfekte Gelegenheit, es zu pr\u00e4sentieren \ud83d\ude09<br>Die Gewinner erhalten einen Pokal mit der Gravur &#8220;Ch\u00e2teau de Chanteloup\u201c \u2013 ein wunderbares Erinnerungsst\u00fcck!<\/p>\n\n\n\n<p class=\"inner_box\"> &gt; <strong>Ein Dinner-Cocktail im Ch\u00e2teau<\/strong><br>Im rechten Fl\u00fcgel des Ch\u00e2teau de Chanteloup wird Ihnen ein l\u00e4ndliches Dinnerbuffet angeboten: verschiedene Salate, H\u00e4ppchen, Wurst- und K\u00e4sespezialit\u00e4ten, begleitet von Sekt und Wein. Genuss ist garantiert \u2013 und das kostenlos. <\/p>\n\n\n\n<p class=\"inner_box\"> &gt; <strong>Eine Musikgruppe f\u00fcr die richtige Stimmung<\/strong><br>F\u00fcr eine festliche Atmosph\u00e4re wird diese magische Veranstaltung von einer sorgf\u00e4ltig ausgew\u00e4hlten Musikgruppe begleitet. Genie\u00dfen Sie talentierte Musiker, w\u00e4hrend Sie Ihren Cocktail genie\u00dfen. <\/p>\n\n\n\n<p class=\"inner_box\"> > <strong>Die einzigartige Garden Party<\/strong><br>Ein ber\u00fchmter Themenabend wird organisiert, um diesen Moment zu feiern. Die fr\u00f6hliche Atmosph\u00e4re ist garantiert, und wenn Sie sich am\u00fcsieren m\u00f6chten, sind Sie hier genau richtig! Es ist ein Erlebnis, das Sie nicht verpassen sollten. Die Stimmung ist immer gro\u00dfartig, und kreative K\u00f6pfe k\u00f6nnen sich nach Herzenslust austoben. Die Themen \u00e4ndern sich jedes Mal \u2013 informieren Sie sich also vorher \ud83d\ude09.<br>F\u00fcr die 24 Stunden 2026 wird das Thema &#8220;<strong>Automobilsport<\/strong>&#8221; sein.<br>F\u00fcr Le Mans Classic 2026 wird das Thema &#8220;<strong>Gold und Silber<\/strong>&#8221; sein.<\/p>\n\n\n\n<p class=\"inner_box has-xl-font-size\"><br><strong><em>Am Sonntagabend:<\/em><\/strong><br><br><\/p>\n\n\n\n<p class=\"inner_box\"> &gt; <strong>Das ber\u00fchmte Spanferkel:<\/strong><br>Ein gegrilltes Spanferkel (kostenpflichtig und auf Reservierung) wird regelm\u00e4\u00dfig am Sonntagabend angeboten. Dazu gibt es ein Men\u00fc, das jedes Mal variiert \u2013 das Restaurant ist stets da, um Sie zu verw\u00f6hnen. Das \u00fcber Stunden auf Holzfeuer ger\u00f6stete Schweinefleisch \u2013 davon kann man einfach nicht genug bekommen \ud83d\ude0a<br>Reservierungen erfolgen direkt im Restaurant.<\/p>\n<\/div><\/div>\n\n\n\n<div class=\"wp-block-group inner_box\"><div class=\"wp-block-group__inner-container\">\n<div class=\"wp-block-columns inner_box\">\n<div class=\"wp-block-column inner_box\">\n<div class=\"wp-block-coblocks-row coblocks-row-102117322965\" data-columns=\"1\" data-layout=\"100\"><div class=\"wp-block-coblocks-row__inner has-no-padding has-no-margin is-stacked-on-mobile has-medium-gutter\">\n<div class=\"wp-block-coblocks-column coblocks-column-1021173231669\" style=\"width:100%\"><div class=\"wp-block-coblocks-column__inner has-no-padding has-no-margin\">\n<div class=\"wp-block-image\"><figure class=\"aligncenter size-large\"><img loading=\"lazy\" width=\"200\" height=\"200\" src=\"https:\/\/www.chateau-de-chanteloup.com\/wp-content\/uploads\/2025\/11\/logos-24H.jpg\" alt=\"Camping Chateau De Chanteloup : Logos 24h\" class=\"wp-image-15350\" srcset=\"https:\/\/www.chateau-de-chanteloup.com\/wp-content\/uploads\/2025\/11\/logos-24H.jpg 200w, https:\/\/www.chateau-de-chanteloup.com\/wp-content\/uploads\/2025\/11\/logos-24H-150x150.jpg 150w, https:\/\/www.chateau-de-chanteloup.com\/wp-content\/uploads\/2025\/11\/logos-24H-50x50.jpg 50w\" sizes=\"(max-width: 200px) 100vw, 200px\" \/><\/figure><\/div>\n<\/div><\/div>\n<\/div><\/div>\n\n\n\n<p class=\"has-text-align-center\"><a href=\"https:\/\/www.chateau-de-chanteloup.com\/de\/blog\/die-24-stunden-von-le-mans-ein-unumgaengliches-ereignis-auf-dem-campingplatz-des-chateau-de-chanteloup\/\"><strong>Die Gewinner nach Jahr ansehen<\/strong><\/a><\/p>\n<\/div>\n\n\n\n<div class=\"wp-block-column\">\n<div class=\"wp-block-coblocks-row coblocks-row-102117322965\" data-columns=\"1\" data-layout=\"100\"><div class=\"wp-block-coblocks-row__inner has-no-padding has-no-margin is-stacked-on-mobile has-medium-gutter\">\n<div class=\"wp-block-coblocks-column coblocks-column-1021173231669\" style=\"width:100%\"><div class=\"wp-block-coblocks-column__inner has-no-padding has-no-margin\">\n<div class=\"wp-block-image\"><figure class=\"aligncenter size-large\"><img loading=\"lazy\" width=\"200\" height=\"200\" src=\"https:\/\/www.chateau-de-chanteloup.com\/wp-content\/uploads\/2025\/11\/logos-LMC.jpg\" alt=\"Camping Chateau De Chanteloup : Logos Lmc\" class=\"wp-image-15354\" srcset=\"https:\/\/www.chateau-de-chanteloup.com\/wp-content\/uploads\/2025\/11\/logos-LMC.jpg 200w, https:\/\/www.chateau-de-chanteloup.com\/wp-content\/uploads\/2025\/11\/logos-LMC-150x150.jpg 150w, https:\/\/www.chateau-de-chanteloup.com\/wp-content\/uploads\/2025\/11\/logos-LMC-50x50.jpg 50w\" sizes=\"(max-width: 200px) 100vw, 200px\" \/><\/figure><\/div>\n<\/div><\/div>\n<\/div><\/div>\n\n\n\n<p class=\"has-text-align-center\"><a href=\"https:\/\/www.chateau-de-chanteloup.com\/de\/blog\/die-legendaere-veranstaltung-le-mans-classic-auf-dem-campingplatz-chateau-de-chanteloup-2\/\"><strong>Die Gewinner nach Jahr ansehen<\/strong><\/a><\/p>\n<\/div>\n<\/div>\n<\/div><\/div>\n\n\n\n<p><\/p>\n","protected":false},"excerpt":{"rendered":"","protected":false},"author":3,"featured_media":0,"parent":0,"menu_order":0,"comment_status":"closed","ping_status":"closed","template":"","meta":{"_coblocks_attr":"","_coblocks_dimensions":"","_coblocks_responsive_height":"","_coblocks_accordion_ie_support":""},"_links":{"self":[{"href":"https:\/\/www.chateau-de-chanteloup.com\/de\/wp-json\/wp\/v2\/pages\/15232"}],"collection":[{"href":"https:\/\/www.chateau-de-chanteloup.com\/de\/wp-json\/wp\/v2\/pages"}],"about":[{"href":"https:\/\/www.chateau-de-chanteloup.com\/de\/wp-json\/wp\/v2\/types\/page"}],"author":[{"embeddable":true,"href":"https:\/\/www.chateau-de-chanteloup.com\/de\/wp-json\/wp\/v2\/users\/3"}],"replies":[{"embeddable":true,"href":"https:\/\/www.chateau-de-chanteloup.com\/de\/wp-json\/wp\/v2\/comments?post=15232"}],"version-history":[{"count":6,"href":"https:\/\/www.chateau-de-chanteloup.com\/de\/wp-json\/wp\/v2\/pages\/15232\/revisions"}],"predecessor-version":[{"id":15627,"href":"https:\/\/www.chateau-de-chanteloup.com\/de\/wp-json\/wp\/v2\/pages\/15232\/revisions\/15627"}],"wp:attachment":[{"href":"https:\/\/www.chateau-de-chanteloup.com\/de\/wp-json\/wp\/v2\/media?parent=15232"}],"curies":[{"name":"wp","href":"https:\/\/api.w.org\/{rel}","templated":true}]}}